{"id":1519,"date":"2024-05-28T06:21:43","date_gmt":"2024-05-28T06:21:43","guid":{"rendered":"https:\/\/wordpress.themeholy.com\/realar\/?page_id=1519"},"modified":"2025-11-11T10:02:50","modified_gmt":"2025-11-11T10:02:50","slug":"contact","status":"publish","type":"page","link":"https:\/\/greystonezvecanje.com\/de\/contact\/","title":{"rendered":"Kontakt"},"content":{"rendered":"<div data-elementor-type=\"wp-page\" data-elementor-id=\"1519\" class=\"elementor elementor-1519\">\n\t\t\t\t<div class=\"elementor-element elementor-element-989c140 e-con-full e-flex e-con e-parent\" data-id=\"989c140\" data-element_type=\"container\" data-settings=\"{&quot;background_background&quot;:&quot;classic&quot;}\">\n\t\t<div class=\"elementor-element elementor-element-6497b04 e-flex e-con-boxed e-con e-child\" data-id=\"6497b04\" data-element_type=\"container\">\n\t\t\t\t\t<div class=\"e-con-inner\">\n\t\t\t\t<div class=\"elementor-element elementor-element-59f5cd9 animated-slow elementor-invisible elementor-widget elementor-widget-realarsectiontitle\" data-id=\"59f5cd9\" data-element_type=\"widget\" data-settings=\"{&quot;_animation&quot;:&quot;fadeIn&quot;,&quot;_animation_delay&quot;:300}\" data-widget_type=\"realarsectiontitle.default\">\n\t\t\t\t<div class=\"elementor-widget-container\">\n\t\t\t\t\t\t\t<div class=\"title-area text-center\">\r\n\t\t\t<h2 class=\"sec-title\">Unsere Kontaktdaten<\/h2><p>Haben Sie eine Frage zur Unterkunft oder zu verf\u00fcgbaren Terminen?\nF\u00fcllen Sie das untenstehende Formular aus \u2013 wir werden uns so schnell wie m\u00f6glich bei Ihnen melden.\nWir freuen uns darauf, von Ihnen zu h\u00f6ren!<\/p>\t\t<\/div>\r\n\r\n\t\t\t\t\t<\/div>\n\t\t\t\t<\/div>\n\t\t\t\t<div class=\"elementor-element elementor-element-b7b0d9d elementor-widget elementor-widget-realarcontactinfo\" data-id=\"b7b0d9d\" data-element_type=\"widget\" data-widget_type=\"realarcontactinfo.default\">\n\t\t\t\t<div class=\"elementor-widget-container\">\n\t\t\t\t\t<div class=\"row gy-4 justify-content-center\"><div class=\"col-xl-4 col-lg-6\"><div class=\"about-contact-grid style2\"><div class=\"about-contact-icon\"><i class=\"fal fa-location-dot\"><\/i><\/div><div class=\"about-contact-details\"><h6 class=\"about-contact-details-title title\">Adresse<\/h6><div class=\"info\"><p><a class=\"customize-unpreviewable\" href=\"https:\/\/maps.app.goo.gl\/8dnmgRZwJbLrM7xZA\">Sv.Vida 17, Zve\u010danje, 21253, Omi\u0161<\/a><\/p><\/div><\/div><\/div><\/div><div class=\"col-xl-4 col-lg-6\"><div class=\"about-contact-grid style2\"><div class=\"about-contact-icon\"><i class=\"fal fa-phone\"><\/i><\/div><div class=\"about-contact-details\"><h6 class=\"about-contact-details-title title\">Kontakt<\/h6><div class=\"info\"><p><a href=\"tel: 38598542690\">+385 98 542 690<\/a><\/p><\/div><\/div><\/div><\/div><div class=\"col-xl-4 col-lg-6\"><div class=\"about-contact-grid style2\"><div class=\"about-contact-icon\"><i class=\"fal fa-envelope\"><\/i><\/div><div class=\"about-contact-details\"><h6 class=\"about-contact-details-title title\">Email<\/h6><div class=\"info\"><p><a href=\"mailto:villa.greystone.zvecanje@gmail.com\">villa.greystone.zvecanje@gmail.com<\/a><\/p><\/div><\/div><\/div><\/div><\/div>\t\t\t\t<\/div>\n\t\t\t\t<\/div>\n\t\t\t\t\t<\/div>\n\t\t\t\t<\/div>\n\t\t\t\t<\/div>\n\t\t<div class=\"elementor-element elementor-element-63e1169 e-con-full e-flex e-con e-parent\" data-id=\"63e1169\" data-element_type=\"container\" data-settings=\"{&quot;background_background&quot;:&quot;classic&quot;}\">\n\t\t\t\t<div class=\"elementor-element elementor-element-d076773 elementor-widget elementor-widget-realarshapeimage\" data-id=\"d076773\" data-element_type=\"widget\" data-widget_type=\"realarshapeimage.default\">\n\t\t\t\t<div class=\"elementor-widget-container\">\n\t\t\t\t\t<!-- Image --><div class=\"shape-mockup  jump d-xl-block d-none\" data-top=\"60%\" data-left=\"0.1%\"><img decoding=\"async\" src=\"https:\/\/greystonezvecanje.com\/wp-content\/uploads\/2025\/10\/phone-1.png\" alt=\"Shape Image\" ><\/div><!-- End Image -->\t\t\t\t<\/div>\n\t\t\t\t<\/div>\n\t\t<div class=\"elementor-element elementor-element-74df1d8 e-flex e-con-boxed e-con e-child\" data-id=\"74df1d8\" data-element_type=\"container\" data-settings=\"{&quot;background_background&quot;:&quot;classic&quot;}\">\n\t\t\t\t\t<div class=\"e-con-inner\">\n\t\t<div class=\"elementor-element elementor-element-95c08e6 e-con-full e-flex e-con e-child\" data-id=\"95c08e6\" data-element_type=\"container\">\n\t\t\t\t<div class=\"elementor-element elementor-element-50f91ac elementor-invisible elementor-widget elementor-widget-realarcontactform\" data-id=\"50f91ac\" data-element_type=\"widget\" data-settings=\"{&quot;_animation&quot;:&quot;fadeInLeft&quot;,&quot;_animation_delay&quot;:200}\" data-widget_type=\"realarcontactform.default\">\n\t\t\t\t<div class=\"elementor-widget-container\">\n\t\t\t\t\t<div class=\"appointment-wrap2 bg\"><h2 class=\"form-title text-white\">Kontaktieren Sie uns<\/h2>\n<div class=\"wpcf7 no-js\" id=\"wpcf7-f1911-o1\" lang=\"en-US\" dir=\"ltr\" data-wpcf7-id=\"1911\">\n<div class=\"screen-reader-response\"><p role=\"status\" aria-live=\"polite\" aria-atomic=\"true\"><\/p> <ul><\/ul><\/div>\n<form action=\"\/de\/wp-json\/wp\/v2\/pages\/1519#wpcf7-f1911-o1\" method=\"post\" class=\"wpcf7-form init\" aria-label=\"Contact form\" novalidate=\"novalidate\" data-status=\"init\" data-trp-original-action=\"\/de\/wp-json\/wp\/v2\/pages\/1519#wpcf7-f1911-o1\">\n<fieldset class=\"hidden-fields-container\"><input type=\"hidden\" name=\"_wpcf7\" value=\"1911\" \/><input type=\"hidden\" name=\"_wpcf7_version\" value=\"6.1.2\" \/><input type=\"hidden\" name=\"_wpcf7_locale\" value=\"en_US\" \/><input type=\"hidden\" name=\"_wpcf7_unit_tag\" value=\"wpcf7-f1911-o1\" \/><input type=\"hidden\" name=\"_wpcf7_container_post\" value=\"0\" \/><input type=\"hidden\" name=\"_wpcf7_posted_data_hash\" value=\"\" \/>\n<\/fieldset>\n<div  class=\"appointment-form\">\n    <div class=\"row\">\n        <div class=\"form-group style-border style-radius col-12\">\n            <span class=\"wpcf7-form-control-wrap\" data-name=\"your-name\"><input size=\"40\" maxlength=\"400\" class=\"wpcf7-form-control wpcf7-text wpcf7-validates-as-required form-control\" id=\"your-name\" aria-required=\"true\" aria-invalid=\"false\" placeholder=\"Vor- und Nachname*\" value=\"\" type=\"text\" name=\"your-name\" \/><\/span><i class=\"fal fa-user\"><\/i>\n        <\/div>\n        <div class=\"form-group style-border style-radius col-12\">\n            <span class=\"wpcf7-form-control-wrap\" data-name=\"your-email\"><input size=\"40\" maxlength=\"400\" class=\"wpcf7-form-control wpcf7-email wpcf7-validates-as-required wpcf7-text wpcf7-validates-as-email form-control\" id=\"your-email\" aria-required=\"true\" aria-invalid=\"false\" placeholder=\"E-Mail*\" value=\"\" type=\"email\" name=\"your-email\" \/><\/span><i class=\"fal fa-envelope\"><\/i>\n        <\/div>\n        <div class=\"form-group style-border style-radius col-12\">\n            <span class=\"wpcf7-form-control-wrap\" data-name=\"your-phone\"><input size=\"40\" maxlength=\"400\" class=\"wpcf7-form-control wpcf7-tel wpcf7-validates-as-required wpcf7-text wpcf7-validates-as-tel form-control\" id=\"your-phone\" aria-required=\"true\" aria-invalid=\"false\" placeholder=\"Telefonnummer\" value=\"\" type=\"tel\" name=\"your-phone\" \/><\/span><i class=\"fal fa-phone\"><\/i>\n        <\/div>\n        <div class=\"col-12 form-group style-border style-radius\">\n            <i class=\"far fa-comments\"><\/i>\n            <span class=\"wpcf7-form-control-wrap\" data-name=\"your-message\"><textarea cols=\"40\" rows=\"10\" maxlength=\"2000\" class=\"wpcf7-form-control wpcf7-textarea form-control\" id=\"your-message\" aria-invalid=\"false\" placeholder=\"Ihre Nachricht\" name=\"your-message\"><\/textarea><\/span>\n        <\/div>\n        <div class=\"col-12 form-btn mt-4\">\n            <button class=\"th-btn th-custom-icon\">Senden<span class=\"btn-icon\"><\/span><\/button>\n        <\/div>\n    <\/div>\n    <p class=\"form-messages mb-0 mt-3\"><\/p>\n<\/div><div class=\"wpcf7-response-output\" aria-hidden=\"true\"><\/div>\n<input type=\"hidden\" name=\"trp-form-language\" value=\"de\"\/><\/form>\n<\/div>\n<\/div>\t\t\t\t<\/div>\n\t\t\t\t<\/div>\n\t\t\t\t<\/div>\n\t\t<div class=\"elementor-element elementor-element-f4f1a07 e-con-full location-map contact-sec-map e-flex e-con e-child\" data-id=\"f4f1a07\" data-element_type=\"container\">\n\t\t\t\t<div class=\"elementor-element elementor-element-3fbe1db elementor-invisible elementor-widget elementor-widget-google_maps\" data-id=\"3fbe1db\" data-element_type=\"widget\" data-settings=\"{&quot;_animation&quot;:&quot;zoomIn&quot;,&quot;_animation_delay&quot;:300}\" data-widget_type=\"google_maps.default\">\n\t\t\t\t\t\t\t<div class=\"elementor-custom-embed\">\n\t\t\t<iframe loading=\"lazy\"\n\t\t\t\t\tsrc=\"https:\/\/maps.google.com\/maps?q=Villa%20Grey%20Stone%20Omi%C5%A1&#038;t=m&#038;z=10&#038;output=embed&#038;iwloc=near\"\n\t\t\t\t\ttitle=\"Villa Grey Stone Omi\u0161\"\n\t\t\t\t\taria-label=\"Villa Grey Stone Omi\u0161\"\n\t\t\t><\/iframe>\n\t\t<\/div>\n\t\t\t\t\t\t<\/div>\n\t\t\t\t<\/div>\n\t\t\t\t\t<\/div>\n\t\t\t\t<\/div>\n\t\t\t\t<\/div>\n\t\t\t\t<\/div>","protected":false},"excerpt":{"rendered":"<p>Na\u0161i kontakt podatci Imate pitanje o smje\u0161taju ili dostupnim terminima? Ispunite obrazac u nastavku \u2013 javit \u0107emo Vam se u najkra\u0107em mogu\u0107em roku. Veselimo se va\u0161oj poruci! Adresa Sv.Vida 17, Zve\u010danje, 21253, Omi\u0161 Kontakt broj +385 98 542 690 Email villa.greystone.zvecanje@gmail.com Kontaktirajte nas Po\u0161alji<\/p>","protected":false},"author":1,"featured_media":5967,"parent":0,"menu_order":0,"comment_status":"closed","ping_status":"closed","template":"template-builder.php","meta":{"footnotes":""},"class_list":["post-1519","page","type-page","status-publish","has-post-thumbnail","hentry"],"yoast_head":"<!-- This site is optimized with the Yoast SEO plugin v26.2 - https:\/\/yoast.com\/wordpress\/plugins\/seo\/ -->\n<title>Villa Omi\u0161 \u2013 luksuzna vila s bazenom i jacuzzijem | Villa Grey Stone<\/title>\n<meta name=\"description\" content=\"Tra\u017eite luksuznu villu u Omi\u0161u? Villa Grey Stone nudi bazen, jacuzzi, saunu i potpunu privatnost. U\u017eivajte u miru dalmatinskog zale\u0111a, samo nekoliko minuta od mora i rijeke Cetine.\" \/>\n<meta name=\"robots\" content=\"index, follow, max-snippet:-1, max-image-preview:large, max-video-preview:-1\" \/>\n<link rel=\"canonical\" href=\"https:\/\/greystonezvecanje.com\/de\/contact\/\" \/>\n<meta property=\"og:locale\" content=\"de_DE\" \/>\n<meta property=\"og:type\" content=\"article\" \/>\n<meta property=\"og:title\" content=\"Villa Omi\u0161 \u2013 luksuzna vila s bazenom i jacuzzijem | Villa Grey Stone\" \/>\n<meta property=\"og:description\" content=\"Tra\u017eite luksuznu villu u Omi\u0161u? Villa Grey Stone nudi bazen, jacuzzi, saunu i potpunu privatnost. U\u017eivajte u miru dalmatinskog zale\u0111a, samo nekoliko minuta od mora i rijeke Cetine.\" \/>\n<meta property=\"og:url\" content=\"https:\/\/greystonezvecanje.com\/de\/contact\/\" \/>\n<meta property=\"og:site_name\" content=\"Villa Grey Stone\" \/>\n<meta property=\"article:modified_time\" content=\"2025-11-11T10:02:50+00:00\" \/>\n<meta property=\"og:image\" content=\"https:\/\/greystonezvecanje.com\/wp-content\/uploads\/2025\/11\/1000004146-scaled.jpg\" \/>\n\t<meta property=\"og:image:width\" content=\"2560\" \/>\n\t<meta property=\"og:image:height\" content=\"1440\" \/>\n\t<meta property=\"og:image:type\" content=\"image\/jpeg\" \/>\n<meta name=\"twitter:card\" content=\"summary_large_image\" \/>\n<meta name=\"twitter:label1\" content=\"Gesch\u00e4tzte Lesezeit\" \/>\n\t<meta name=\"twitter:data1\" content=\"1\u00a0Minute\" \/>\n<script type=\"application\/ld+json\" class=\"yoast-schema-graph\">{\"@context\":\"https:\/\/schema.org\",\"@graph\":[{\"@type\":\"WebPage\",\"@id\":\"https:\/\/greystonezvecanje.com\/contact\/\",\"url\":\"https:\/\/greystonezvecanje.com\/contact\/\",\"name\":\"Villa Omi\u0161 \u2013 luksuzna vila s bazenom i jacuzzijem | Villa Grey Stone\",\"isPartOf\":{\"@id\":\"https:\/\/greystonezvecanje.com\/#website\"},\"primaryImageOfPage\":{\"@id\":\"https:\/\/greystonezvecanje.com\/contact\/#primaryimage\"},\"image\":{\"@id\":\"https:\/\/greystonezvecanje.com\/contact\/#primaryimage\"},\"thumbnailUrl\":\"https:\/\/greystonezvecanje.com\/wp-content\/uploads\/2025\/11\/1000004146-scaled.jpg\",\"datePublished\":\"2024-05-28T06:21:43+00:00\",\"dateModified\":\"2025-11-11T10:02:50+00:00\",\"description\":\"Tra\u017eite luksuznu villu u Omi\u0161u? Villa Grey Stone nudi bazen, jacuzzi, saunu i potpunu privatnost. U\u017eivajte u miru dalmatinskog zale\u0111a, samo nekoliko minuta od mora i rijeke Cetine.\",\"breadcrumb\":{\"@id\":\"https:\/\/greystonezvecanje.com\/contact\/#breadcrumb\"},\"inLanguage\":\"de\",\"potentialAction\":[{\"@type\":\"ReadAction\",\"target\":[\"https:\/\/greystonezvecanje.com\/contact\/\"]}]},{\"@type\":\"ImageObject\",\"inLanguage\":\"de\",\"@id\":\"https:\/\/greystonezvecanje.com\/contact\/#primaryimage\",\"url\":\"https:\/\/greystonezvecanje.com\/wp-content\/uploads\/2025\/11\/1000004146-scaled.jpg\",\"contentUrl\":\"https:\/\/greystonezvecanje.com\/wp-content\/uploads\/2025\/11\/1000004146-scaled.jpg\",\"width\":2560,\"height\":1440},{\"@type\":\"BreadcrumbList\",\"@id\":\"https:\/\/greystonezvecanje.com\/contact\/#breadcrumb\",\"itemListElement\":[{\"@type\":\"ListItem\",\"position\":1,\"name\":\"Po\u010detna stranica\",\"item\":\"https:\/\/greystonezvecanje.com\/\"},{\"@type\":\"ListItem\",\"position\":2,\"name\":\"Kontakt\"}]},{\"@type\":\"WebSite\",\"@id\":\"https:\/\/greystonezvecanje.com\/#website\",\"url\":\"https:\/\/greystonezvecanje.com\/\",\"name\":\"Villa Grey Stone\",\"description\":\"Luksuzna vila s bazenom u blizini Omi\u0161a\",\"publisher\":{\"@id\":\"https:\/\/greystonezvecanje.com\/#organization\"},\"potentialAction\":[{\"@type\":\"SearchAction\",\"target\":{\"@type\":\"EntryPoint\",\"urlTemplate\":\"https:\/\/greystonezvecanje.com\/?s={search_term_string}\"},\"query-input\":{\"@type\":\"PropertyValueSpecification\",\"valueRequired\":true,\"valueName\":\"search_term_string\"}}],\"inLanguage\":\"de\"},{\"@type\":\"Organization\",\"@id\":\"https:\/\/greystonezvecanje.com\/#organization\",\"name\":\"Villa Grey Stone\",\"url\":\"https:\/\/greystonezvecanje.com\/\",\"logo\":{\"@type\":\"ImageObject\",\"inLanguage\":\"de\",\"@id\":\"https:\/\/greystonezvecanje.com\/#\/schema\/logo\/image\/\",\"url\":\"https:\/\/greystonezvecanje.com\/wp-content\/uploads\/2024\/05\/greystone-black.png\",\"contentUrl\":\"https:\/\/greystonezvecanje.com\/wp-content\/uploads\/2024\/05\/greystone-black.png\",\"width\":383,\"height\":177,\"caption\":\"Villa Grey Stone\"},\"image\":{\"@id\":\"https:\/\/greystonezvecanje.com\/#\/schema\/logo\/image\/\"}}]}<\/script>\n<!-- \/ Yoast SEO plugin. -->","yoast_head_json":{"title":"Villa Omi\u0161 \u2013 luksuzna vila s bazenom i jacuzzijem | Villa Grey Stone","description":"Tra\u017eite luksuznu villu u Omi\u0161u? Villa Grey Stone nudi bazen, jacuzzi, saunu i potpunu privatnost. U\u017eivajte u miru dalmatinskog zale\u0111a, samo nekoliko minuta od mora i rijeke Cetine.","robots":{"index":"index","follow":"follow","max-snippet":"max-snippet:-1","max-image-preview":"max-image-preview:large","max-video-preview":"max-video-preview:-1"},"canonical":"https:\/\/greystonezvecanje.com\/de\/contact\/","og_locale":"de_DE","og_type":"article","og_title":"Villa Omi\u0161 \u2013 luksuzna vila s bazenom i jacuzzijem | Villa Grey Stone","og_description":"Tra\u017eite luksuznu villu u Omi\u0161u? Villa Grey Stone nudi bazen, jacuzzi, saunu i potpunu privatnost. U\u017eivajte u miru dalmatinskog zale\u0111a, samo nekoliko minuta od mora i rijeke Cetine.","og_url":"https:\/\/greystonezvecanje.com\/de\/contact\/","og_site_name":"Villa Grey Stone","article_modified_time":"2025-11-11T10:02:50+00:00","og_image":[{"width":2560,"height":1440,"url":"https:\/\/greystonezvecanje.com\/wp-content\/uploads\/2025\/11\/1000004146-scaled.jpg","type":"image\/jpeg"}],"twitter_card":"summary_large_image","twitter_misc":{"Gesch\u00e4tzte Lesezeit":"1\u00a0Minute"},"schema":{"@context":"https:\/\/schema.org","@graph":[{"@type":"WebPage","@id":"https:\/\/greystonezvecanje.com\/contact\/","url":"https:\/\/greystonezvecanje.com\/contact\/","name":"Villa Omi\u0161 \u2013 luksuzna vila s bazenom i jacuzzijem | Villa Grey Stone","isPartOf":{"@id":"https:\/\/greystonezvecanje.com\/#website"},"primaryImageOfPage":{"@id":"https:\/\/greystonezvecanje.com\/contact\/#primaryimage"},"image":{"@id":"https:\/\/greystonezvecanje.com\/contact\/#primaryimage"},"thumbnailUrl":"https:\/\/greystonezvecanje.com\/wp-content\/uploads\/2025\/11\/1000004146-scaled.jpg","datePublished":"2024-05-28T06:21:43+00:00","dateModified":"2025-11-11T10:02:50+00:00","description":"Tra\u017eite luksuznu villu u Omi\u0161u? Villa Grey Stone nudi bazen, jacuzzi, saunu i potpunu privatnost. U\u017eivajte u miru dalmatinskog zale\u0111a, samo nekoliko minuta od mora i rijeke Cetine.","breadcrumb":{"@id":"https:\/\/greystonezvecanje.com\/contact\/#breadcrumb"},"inLanguage":"de","potentialAction":[{"@type":"ReadAction","target":["https:\/\/greystonezvecanje.com\/contact\/"]}]},{"@type":"ImageObject","inLanguage":"de","@id":"https:\/\/greystonezvecanje.com\/contact\/#primaryimage","url":"https:\/\/greystonezvecanje.com\/wp-content\/uploads\/2025\/11\/1000004146-scaled.jpg","contentUrl":"https:\/\/greystonezvecanje.com\/wp-content\/uploads\/2025\/11\/1000004146-scaled.jpg","width":2560,"height":1440},{"@type":"BreadcrumbList","@id":"https:\/\/greystonezvecanje.com\/contact\/#breadcrumb","itemListElement":[{"@type":"ListItem","position":1,"name":"Po\u010detna stranica","item":"https:\/\/greystonezvecanje.com\/"},{"@type":"ListItem","position":2,"name":"Kontakt"}]},{"@type":"WebSite","@id":"https:\/\/greystonezvecanje.com\/#website","url":"https:\/\/greystonezvecanje.com\/","name":"Villa Grey Stone","description":"Luksuzna vila s bazenom u blizini Omi\u0161a","publisher":{"@id":"https:\/\/greystonezvecanje.com\/#organization"},"potentialAction":[{"@type":"SearchAction","target":{"@type":"EntryPoint","urlTemplate":"https:\/\/greystonezvecanje.com\/?s={search_term_string}"},"query-input":{"@type":"PropertyValueSpecification","valueRequired":true,"valueName":"search_term_string"}}],"inLanguage":"de"},{"@type":"Organization","@id":"https:\/\/greystonezvecanje.com\/#organization","name":"Villa Grey Stone","url":"https:\/\/greystonezvecanje.com\/","logo":{"@type":"ImageObject","inLanguage":"de","@id":"https:\/\/greystonezvecanje.com\/#\/schema\/logo\/image\/","url":"https:\/\/greystonezvecanje.com\/wp-content\/uploads\/2024\/05\/greystone-black.png","contentUrl":"https:\/\/greystonezvecanje.com\/wp-content\/uploads\/2024\/05\/greystone-black.png","width":383,"height":177,"caption":"Villa Grey Stone"},"image":{"@id":"https:\/\/greystonezvecanje.com\/#\/schema\/logo\/image\/"}}]}},"_links":{"self":[{"href":"https:\/\/greystonezvecanje.com\/de\/wp-json\/wp\/v2\/pages\/1519","targetHints":{"allow":["GET"]}}],"collection":[{"href":"https:\/\/greystonezvecanje.com\/de\/wp-json\/wp\/v2\/pages"}],"about":[{"href":"https:\/\/greystonezvecanje.com\/de\/wp-json\/wp\/v2\/types\/page"}],"author":[{"embeddable":true,"href":"https:\/\/greystonezvecanje.com\/de\/wp-json\/wp\/v2\/users\/1"}],"replies":[{"embeddable":true,"href":"https:\/\/greystonezvecanje.com\/de\/wp-json\/wp\/v2\/comments?post=1519"}],"version-history":[{"count":94,"href":"https:\/\/greystonezvecanje.com\/de\/wp-json\/wp\/v2\/pages\/1519\/revisions"}],"predecessor-version":[{"id":6229,"href":"https:\/\/greystonezvecanje.com\/de\/wp-json\/wp\/v2\/pages\/1519\/revisions\/6229"}],"wp:featuredmedia":[{"embeddable":true,"href":"https:\/\/greystonezvecanje.com\/de\/wp-json\/wp\/v2\/media\/5967"}],"wp:attachment":[{"href":"https:\/\/greystonezvecanje.com\/de\/wp-json\/wp\/v2\/media?parent=1519"}],"curies":[{"name":"wp","href":"https:\/\/api.w.org\/{rel}","templated":true}]}}