{"id":1470,"date":"2024-05-27T11:17:14","date_gmt":"2024-05-27T11:17:14","guid":{"rendered":"https:\/\/wordpress.themeholy.com\/realar\/?page_id=1470"},"modified":"2025-11-29T11:16:38","modified_gmt":"2025-11-29T11:16:38","slug":"gallery","status":"publish","type":"page","link":"https:\/\/greystonezvecanje.com\/de\/gallery\/","title":{"rendered":"Galerie"},"content":{"rendered":"<div data-elementor-type=\"wp-page\" data-elementor-id=\"1470\" class=\"elementor elementor-1470\">\n\t\t\t\t<div class=\"elementor-element elementor-element-1f84672 e-flex e-con-boxed e-con e-parent\" data-id=\"1f84672\" data-element_type=\"container\">\n\t\t\t\t\t<div class=\"e-con-inner\">\n\t\t\t\t<div class=\"elementor-element elementor-element-597d01b elementor-widget__width-initial elementor-invisible elementor-widget elementor-widget-realarsectiontitle\" data-id=\"597d01b\" data-element_type=\"widget\" data-settings=\"{&quot;_animation&quot;:&quot;fadeInUp&quot;}\" data-widget_type=\"realarsectiontitle.default\">\n\t\t\t\t<div class=\"elementor-widget-container\">\n\t\t\t\t\t\t\t<div class=\"title-area text-center\">\r\n\t\t\t<h2 class=\"sec-title\">Werfen Sie einen Blick in unsere Galerie<\/h2><p class=\"sec-text\">Entdecken Sie die Sch\u00f6nheit der Villa Grey Stone in unserer Galerie. Jedes Foto erz\u00e4hlt eine Geschichte von Ruhe, Komfort und unvergesslichen Momenten.\n\n<\/p>\t\t<\/div>\r\n\r\n\t\t\t\t\t<\/div>\n\t\t\t\t<\/div>\n\t\t\t\t<div class=\"elementor-element elementor-element-ab8c50a elementor-widget elementor-widget-realarlistinggallery\" data-id=\"ab8c50a\" data-element_type=\"widget\" data-widget_type=\"realarlistinggallery.default\">\n\t\t\t\t<div class=\"elementor-widget-container\">\n\t\t\t\t\t<div class=\"row gy-4\"><div class=\"col-xl-5\"><div class=\"property-gallery-card\"><div class=\"property-gallery-card-img\"><img decoding=\"async\" class=\"w-100\" src=\"https:\/\/greystonezvecanje.com\/wp-content\/uploads\/images\/IMG_9590-scaled.jpeg\" alt=\"img\"><\/div><a class=\"icon-btn popup-image\" href=\"https:\/\/greystonezvecanje.com\/wp-content\/uploads\/images\/IMG_9590-scaled.jpeg\"><i class=\"fal fa-magnifying-glass-plus\"><\/i><\/a><\/div><\/div><div class=\"col-xl-7\"><div class=\"property-gallery-card\"><div class=\"property-gallery-card-img\"><img decoding=\"async\" class=\"w-100\" src=\"https:\/\/greystonezvecanje.com\/wp-content\/uploads\/images\/IMG_9589-scaled.jpeg\" alt=\"img\"><\/div><a class=\"icon-btn popup-image\" href=\"https:\/\/greystonezvecanje.com\/wp-content\/uploads\/images\/IMG_9589-scaled.jpeg\"><i class=\"fal fa-magnifying-glass-plus\"><\/i><\/a><\/div><\/div><div class=\"col-xl-5\"><div class=\"property-gallery-card\"><div class=\"property-gallery-card-img\"><img decoding=\"async\" class=\"w-100\" src=\"https:\/\/greystonezvecanje.com\/wp-content\/uploads\/images\/IMG_9591-scaled.jpeg\" alt=\"img\"><\/div><a class=\"icon-btn popup-image\" href=\"https:\/\/greystonezvecanje.com\/wp-content\/uploads\/images\/IMG_9591-scaled.jpeg\"><i class=\"fal fa-magnifying-glass-plus\"><\/i><\/a><\/div><\/div><div class=\"col-xl-7\"><div class=\"property-gallery-card\"><div class=\"property-gallery-card-img\"><img decoding=\"async\" class=\"w-100\" src=\"https:\/\/greystonezvecanje.com\/wp-content\/uploads\/images\/Studio-Ali-119-of-1491-scaled.jpeg\" alt=\"img\"><\/div><a class=\"icon-btn popup-image\" href=\"https:\/\/greystonezvecanje.com\/wp-content\/uploads\/images\/Studio-Ali-119-of-1491-scaled.jpeg\"><i class=\"fal fa-magnifying-glass-plus\"><\/i><\/a><\/div><\/div><div class=\"col-xl-5\"><div class=\"property-gallery-card\"><div class=\"property-gallery-card-img\"><img decoding=\"async\" class=\"w-100\" src=\"https:\/\/greystonezvecanje.com\/wp-content\/uploads\/images\/IMG_9592-scaled.jpeg\" alt=\"img\"><\/div><a class=\"icon-btn popup-image\" href=\"https:\/\/greystonezvecanje.com\/wp-content\/uploads\/images\/IMG_9592-scaled.jpeg\"><i class=\"fal fa-magnifying-glass-plus\"><\/i><\/a><\/div><\/div><div class=\"col-xl-7\"><div class=\"property-gallery-card\"><div class=\"property-gallery-card-img\"><img decoding=\"async\" class=\"w-100\" src=\"https:\/\/greystonezvecanje.com\/wp-content\/uploads\/2025\/11\/IMG_8353.jpeg\" alt=\"img\"><\/div><a class=\"icon-btn popup-image\" href=\"https:\/\/greystonezvecanje.com\/wp-content\/uploads\/2025\/11\/IMG_8353.jpeg\"><i class=\"fal fa-magnifying-glass-plus\"><\/i><\/a><\/div><\/div><div class=\"col-xl-5\"><div class=\"property-gallery-card\"><div class=\"property-gallery-card-img\"><img decoding=\"async\" class=\"w-100\" src=\"https:\/\/greystonezvecanje.com\/wp-content\/uploads\/images\/Studio-Ali-119-of-149-scaled.jpeg\" alt=\"img\"><\/div><a class=\"icon-btn popup-image\" href=\"https:\/\/greystonezvecanje.com\/wp-content\/uploads\/images\/Studio-Ali-119-of-149-scaled.jpeg\"><i class=\"fal fa-magnifying-glass-plus\"><\/i><\/a><\/div><\/div><div class=\"col-xl-7\"><div class=\"property-gallery-card\"><div class=\"property-gallery-card-img\"><img decoding=\"async\" class=\"w-100\" src=\"https:\/\/greystonezvecanje.com\/wp-content\/uploads\/images\/Studio-Ali-69-of-149-scaled.jpeg\" alt=\"img\"><\/div><a class=\"icon-btn popup-image\" href=\"https:\/\/greystonezvecanje.com\/wp-content\/uploads\/images\/Studio-Ali-69-of-149-scaled.jpeg\"><i class=\"fal fa-magnifying-glass-plus\"><\/i><\/a><\/div><\/div><div class=\"col-xl-5\"><div class=\"property-gallery-card\"><div class=\"property-gallery-card-img\"><img decoding=\"async\" class=\"w-100\" src=\"https:\/\/greystonezvecanje.com\/wp-content\/uploads\/images\/Studio-Ali-55-of-149-scaled.jpeg\" alt=\"img\"><\/div><a class=\"icon-btn popup-image\" href=\"https:\/\/greystonezvecanje.com\/wp-content\/uploads\/images\/Studio-Ali-55-of-149-scaled.jpeg\"><i class=\"fal fa-magnifying-glass-plus\"><\/i><\/a><\/div><\/div><div class=\"col-xl-7\"><div class=\"property-gallery-card\"><div class=\"property-gallery-card-img\"><img decoding=\"async\" class=\"w-100\" src=\"https:\/\/greystonezvecanje.com\/wp-content\/uploads\/images\/Studio-Ali-107-of-149-scaled.jpeg\" alt=\"img\"><\/div><a class=\"icon-btn popup-image\" href=\"https:\/\/greystonezvecanje.com\/wp-content\/uploads\/images\/Studio-Ali-107-of-149-scaled.jpeg\"><i class=\"fal fa-magnifying-glass-plus\"><\/i><\/a><\/div><\/div><div class=\"col-xl-5\"><div class=\"property-gallery-card\"><div class=\"property-gallery-card-img\"><img decoding=\"async\" class=\"w-100\" src=\"https:\/\/greystonezvecanje.com\/wp-content\/uploads\/images\/Studio-Ali-94-of-149-scaled.jpeg\" alt=\"img\"><\/div><a class=\"icon-btn popup-image\" href=\"https:\/\/greystonezvecanje.com\/wp-content\/uploads\/images\/Studio-Ali-94-of-149-scaled.jpeg\"><i class=\"fal fa-magnifying-glass-plus\"><\/i><\/a><\/div><\/div><div class=\"col-xl-7\"><div class=\"property-gallery-card\"><div class=\"property-gallery-card-img\"><img decoding=\"async\" class=\"w-100\" src=\"https:\/\/greystonezvecanje.com\/wp-content\/uploads\/2025\/11\/greystone1-1.jpeg\" alt=\"img\"><\/div><a class=\"icon-btn popup-image\" href=\"https:\/\/greystonezvecanje.com\/wp-content\/uploads\/2025\/11\/greystone1-1.jpeg\"><i class=\"fal fa-magnifying-glass-plus\"><\/i><\/a><\/div><\/div><div class=\"col-xl-5\"><div class=\"property-gallery-card\"><div class=\"property-gallery-card-img\"><img decoding=\"async\" class=\"w-100\" src=\"https:\/\/greystonezvecanje.com\/wp-content\/uploads\/images\/Studio-Ali-16-of-149-scaled.jpeg\" alt=\"img\"><\/div><a class=\"icon-btn popup-image\" href=\"https:\/\/greystonezvecanje.com\/wp-content\/uploads\/images\/Studio-Ali-16-of-149-scaled.jpeg\"><i class=\"fal fa-magnifying-glass-plus\"><\/i><\/a><\/div><\/div><div class=\"col-xl-7\"><div class=\"property-gallery-card\"><div class=\"property-gallery-card-img\"><img decoding=\"async\" class=\"w-100\" src=\"https:\/\/greystonezvecanje.com\/wp-content\/uploads\/images\/Studio-Ali-39-of-149-scaled.jpeg\" alt=\"img\"><\/div><a class=\"icon-btn popup-image\" href=\"https:\/\/greystonezvecanje.com\/wp-content\/uploads\/images\/Studio-Ali-39-of-149-scaled.jpeg\"><i class=\"fal fa-magnifying-glass-plus\"><\/i><\/a><\/div><\/div><div class=\"col-xl-5\"><div class=\"property-gallery-card\"><div class=\"property-gallery-card-img\"><img decoding=\"async\" class=\"w-100\" src=\"https:\/\/greystonezvecanje.com\/wp-content\/uploads\/2025\/11\/Studio-Ali-19-of-1491-scaled.jpeg\" alt=\"img\"><\/div><a class=\"icon-btn popup-image\" href=\"https:\/\/greystonezvecanje.com\/wp-content\/uploads\/2025\/11\/Studio-Ali-19-of-1491-scaled.jpeg\"><i class=\"fal fa-magnifying-glass-plus\"><\/i><\/a><\/div><\/div><div class=\"col-xl-7\"><div class=\"property-gallery-card\"><div class=\"property-gallery-card-img\"><img decoding=\"async\" class=\"w-100\" src=\"https:\/\/greystonezvecanje.com\/wp-content\/uploads\/images\/Studio-Ali-147-of-149-scaled.jpeg\" alt=\"img\"><\/div><a class=\"icon-btn popup-image\" href=\"https:\/\/greystonezvecanje.com\/wp-content\/uploads\/images\/Studio-Ali-147-of-149-scaled.jpeg\"><i class=\"fal fa-magnifying-glass-plus\"><\/i><\/a><\/div><\/div><div class=\"col-xl-5\"><div class=\"property-gallery-card\"><div class=\"property-gallery-card-img\"><img decoding=\"async\" class=\"w-100\" src=\"https:\/\/greystonezvecanje.com\/wp-content\/uploads\/images\/Studio-Ali-63-of-149-scaled.jpeg\" alt=\"img\"><\/div><a class=\"icon-btn popup-image\" href=\"https:\/\/greystonezvecanje.com\/wp-content\/uploads\/images\/Studio-Ali-63-of-149-scaled.jpeg\"><i class=\"fal fa-magnifying-glass-plus\"><\/i><\/a><\/div><\/div><div class=\"col-xl-7\"><div class=\"property-gallery-card\"><div class=\"property-gallery-card-img\"><img decoding=\"async\" class=\"w-100\" src=\"https:\/\/greystonezvecanje.com\/wp-content\/uploads\/images\/Studio-Ali-77-of-149-scaled.jpeg\" alt=\"img\"><\/div><a class=\"icon-btn popup-image\" href=\"https:\/\/greystonezvecanje.com\/wp-content\/uploads\/images\/Studio-Ali-77-of-149-scaled.jpeg\"><i class=\"fal fa-magnifying-glass-plus\"><\/i><\/a><\/div><\/div><div class=\"col-xl-5\"><div class=\"property-gallery-card\"><div class=\"property-gallery-card-img\"><img decoding=\"async\" class=\"w-100\" src=\"https:\/\/greystonezvecanje.com\/wp-content\/uploads\/images\/Studio-Ali-23-of-149-scaled.jpeg\" alt=\"img\"><\/div><a class=\"icon-btn popup-image\" href=\"https:\/\/greystonezvecanje.com\/wp-content\/uploads\/images\/Studio-Ali-23-of-149-scaled.jpeg\"><i class=\"fal fa-magnifying-glass-plus\"><\/i><\/a><\/div><\/div><div class=\"col-xl-7\"><div class=\"property-gallery-card\"><div class=\"property-gallery-card-img\"><img decoding=\"async\" class=\"w-100\" src=\"https:\/\/greystonezvecanje.com\/wp-content\/uploads\/images\/Studio-Ali-36-of-149-scaled.jpeg\" alt=\"img\"><\/div><a class=\"icon-btn popup-image\" href=\"https:\/\/greystonezvecanje.com\/wp-content\/uploads\/images\/Studio-Ali-36-of-149-scaled.jpeg\"><i class=\"fal fa-magnifying-glass-plus\"><\/i><\/a><\/div><\/div><div class=\"col-xl-5\"><div class=\"property-gallery-card\"><div class=\"property-gallery-card-img\"><img decoding=\"async\" class=\"w-100\" src=\"https:\/\/greystonezvecanje.com\/wp-content\/uploads\/images\/Studio-Ali-6-of-149-scaled.jpeg\" alt=\"img\"><\/div><a class=\"icon-btn popup-image\" href=\"https:\/\/greystonezvecanje.com\/wp-content\/uploads\/images\/Studio-Ali-6-of-149-scaled.jpeg\"><i class=\"fal fa-magnifying-glass-plus\"><\/i><\/a><\/div><\/div><div class=\"col-xl-7\"><div class=\"property-gallery-card\"><div class=\"property-gallery-card-img\"><img decoding=\"async\" class=\"w-100\" src=\"https:\/\/greystonezvecanje.com\/wp-content\/uploads\/images\/Studio-Ali-90-of-149-scaled.jpeg\" alt=\"img\"><\/div><a class=\"icon-btn popup-image\" href=\"https:\/\/greystonezvecanje.com\/wp-content\/uploads\/images\/Studio-Ali-90-of-149-scaled.jpeg\"><i class=\"fal fa-magnifying-glass-plus\"><\/i><\/a><\/div><\/div><div class=\"col-xl-5\"><div class=\"property-gallery-card\"><div class=\"property-gallery-card-img\"><img decoding=\"async\" class=\"w-100\" src=\"https:\/\/greystonezvecanje.com\/wp-content\/uploads\/images\/Studio-Ali-110-of-149-scaled.jpeg\" alt=\"img\"><\/div><a class=\"icon-btn popup-image\" href=\"https:\/\/greystonezvecanje.com\/wp-content\/uploads\/images\/Studio-Ali-110-of-149-scaled.jpeg\"><i class=\"fal fa-magnifying-glass-plus\"><\/i><\/a><\/div><\/div><div class=\"col-xl-7\"><div class=\"property-gallery-card\"><div class=\"property-gallery-card-img\"><img decoding=\"async\" class=\"w-100\" src=\"https:\/\/greystonezvecanje.com\/wp-content\/uploads\/images\/Studio-Ali-31-of-149-scaled.jpeg\" alt=\"img\"><\/div><a class=\"icon-btn popup-image\" href=\"https:\/\/greystonezvecanje.com\/wp-content\/uploads\/images\/Studio-Ali-31-of-149-scaled.jpeg\"><i class=\"fal fa-magnifying-glass-plus\"><\/i><\/a><\/div><\/div><div class=\"col-xl-5\"><div class=\"property-gallery-card\"><div class=\"property-gallery-card-img\"><img decoding=\"async\" class=\"w-100\" src=\"https:\/\/greystonezvecanje.com\/wp-content\/uploads\/images\/Studio-Ali-116-of-149-scaled.jpeg\" alt=\"img\"><\/div><a class=\"icon-btn popup-image\" href=\"https:\/\/greystonezvecanje.com\/wp-content\/uploads\/images\/Studio-Ali-116-of-149-scaled.jpeg\"><i class=\"fal fa-magnifying-glass-plus\"><\/i><\/a><\/div><\/div><div class=\"col-xl-7\"><div class=\"property-gallery-card\"><div class=\"property-gallery-card-img\"><img decoding=\"async\" class=\"w-100\" src=\"https:\/\/greystonezvecanje.com\/wp-content\/uploads\/images\/Studio-Ali-80-of-149-scaled.jpeg\" alt=\"img\"><\/div><a class=\"icon-btn popup-image\" href=\"https:\/\/greystonezvecanje.com\/wp-content\/uploads\/images\/Studio-Ali-80-of-149-scaled.jpeg\"><i class=\"fal fa-magnifying-glass-plus\"><\/i><\/a><\/div><\/div><div class=\"col-xl-5\"><div class=\"property-gallery-card\"><div class=\"property-gallery-card-img\"><img decoding=\"async\" class=\"w-100\" src=\"https:\/\/greystonezvecanje.com\/wp-content\/uploads\/images\/IMG_9594-scaled.jpeg\" alt=\"img\"><\/div><a class=\"icon-btn popup-image\" href=\"https:\/\/greystonezvecanje.com\/wp-content\/uploads\/images\/IMG_9594-scaled.jpeg\"><i class=\"fal fa-magnifying-glass-plus\"><\/i><\/a><\/div><\/div><div class=\"col-xl-7\"><div class=\"property-gallery-card\"><div class=\"property-gallery-card-img\"><img decoding=\"async\" class=\"w-100\" src=\"https:\/\/greystonezvecanje.com\/wp-content\/uploads\/images\/Studio-Ali-86-of-149-scaled.jpeg\" alt=\"img\"><\/div><a class=\"icon-btn popup-image\" href=\"https:\/\/greystonezvecanje.com\/wp-content\/uploads\/images\/Studio-Ali-86-of-149-scaled.jpeg\"><i class=\"fal fa-magnifying-glass-plus\"><\/i><\/a><\/div><\/div><div class=\"col-xl-5\"><div class=\"property-gallery-card\"><div class=\"property-gallery-card-img\"><img decoding=\"async\" class=\"w-100\" src=\"https:\/\/greystonezvecanje.com\/wp-content\/uploads\/images\/Studio-Ali-84-of-149-scaled.jpeg\" alt=\"img\"><\/div><a class=\"icon-btn popup-image\" href=\"https:\/\/greystonezvecanje.com\/wp-content\/uploads\/images\/Studio-Ali-84-of-149-scaled.jpeg\"><i class=\"fal fa-magnifying-glass-plus\"><\/i><\/a><\/div><\/div><div class=\"col-xl-7\"><div class=\"property-gallery-card\"><div class=\"property-gallery-card-img\"><img decoding=\"async\" class=\"w-100\" src=\"https:\/\/greystonezvecanje.com\/wp-content\/uploads\/images\/Studio-Ali-142-of-149-scaled.jpeg\" alt=\"img\"><\/div><a class=\"icon-btn popup-image\" href=\"https:\/\/greystonezvecanje.com\/wp-content\/uploads\/images\/Studio-Ali-142-of-149-scaled.jpeg\"><i class=\"fal fa-magnifying-glass-plus\"><\/i><\/a><\/div><\/div><div class=\"col-xl-5\"><div class=\"property-gallery-card\"><div class=\"property-gallery-card-img\"><img decoding=\"async\" class=\"w-100\" src=\"https:\/\/greystonezvecanje.com\/wp-content\/uploads\/images\/Studio-Ali-124-of-149-scaled.jpeg\" alt=\"img\"><\/div><a class=\"icon-btn popup-image\" href=\"https:\/\/greystonezvecanje.com\/wp-content\/uploads\/images\/Studio-Ali-124-of-149-scaled.jpeg\"><i class=\"fal fa-magnifying-glass-plus\"><\/i><\/a><\/div><\/div><div class=\"col-xl-7\"><div class=\"property-gallery-card\"><div class=\"property-gallery-card-img\"><img decoding=\"async\" class=\"w-100\" src=\"https:\/\/greystonezvecanje.com\/wp-content\/uploads\/images\/IMG_9593-scaled.jpeg\" alt=\"img\"><\/div><a class=\"icon-btn popup-image\" href=\"https:\/\/greystonezvecanje.com\/wp-content\/uploads\/images\/IMG_9593-scaled.jpeg\"><i class=\"fal fa-magnifying-glass-plus\"><\/i><\/a><\/div><\/div><\/div>\t\t\t\t<\/div>\n\t\t\t\t<\/div>\n\t\t\t\t\t<\/div>\n\t\t\t\t<\/div>\n\t\t\t\t<\/div>","protected":false},"excerpt":{"rendered":"<p>Zavirite u na\u0161u galeriju Otkrijte ljepotu Ville Grey Stone kroz na\u0161u galeriju. Svaka fotografija pri\u010da pri\u010du o miru, udobnosti i nezaboravnim trenucima.<\/p>","protected":false},"author":1,"featured_media":6325,"parent":0,"menu_order":0,"comment_status":"closed","ping_status":"closed","template":"template-builder.php","meta":{"footnotes":""},"class_list":["post-1470","page","type-page","status-publish","has-post-thumbnail","hentry"],"yoast_head":"<!-- This site is optimized with the Yoast SEO plugin v26.2 - https:\/\/yoast.com\/wordpress\/plugins\/seo\/ -->\n<title>Villa Grey Stone Omi\u0161 \u2013 luksuzna kamena vila s bazenom, jacuzzijem i saunom<\/title>\n<meta name=\"description\" content=\"Villa Grey Stone - Omi\u0161a \u2013 luksuzna kamenu vilu s bazenom, jacuzzijem i saunom. U\u017eivajte u potpunoj privatnosti i miru dalmatinskog zale\u0111a, samo nekoliko minuta od mora i rijeke Cetine.\" \/>\n<meta name=\"robots\" content=\"index, follow, max-snippet:-1, max-image-preview:large, max-video-preview:-1\" \/>\n<link rel=\"canonical\" href=\"https:\/\/greystonezvecanje.com\/de\/gallery\/\" \/>\n<meta property=\"og:locale\" content=\"de_DE\" \/>\n<meta property=\"og:type\" content=\"article\" \/>\n<meta property=\"og:title\" content=\"Villa Grey Stone Omi\u0161 \u2013 luksuzna kamena vila s bazenom, jacuzzijem i saunom\" \/>\n<meta property=\"og:description\" content=\"Villa Grey Stone - Omi\u0161a \u2013 luksuzna kamenu vilu s bazenom, jacuzzijem i saunom. U\u017eivajte u potpunoj privatnosti i miru dalmatinskog zale\u0111a, samo nekoliko minuta od mora i rijeke Cetine.\" \/>\n<meta property=\"og:url\" content=\"https:\/\/greystonezvecanje.com\/de\/gallery\/\" \/>\n<meta property=\"og:site_name\" content=\"Villa Grey Stone\" \/>\n<meta property=\"article:modified_time\" content=\"2025-11-29T11:16:38+00:00\" \/>\n<meta property=\"og:image\" content=\"https:\/\/greystonezvecanje.com\/wp-content\/uploads\/2025\/11\/greystone3.jpeg\" \/>\n\t<meta property=\"og:image:width\" content=\"2000\" \/>\n\t<meta property=\"og:image:height\" content=\"1500\" \/>\n\t<meta property=\"og:image:type\" content=\"image\/jpeg\" \/>\n<meta name=\"twitter:card\" content=\"summary_large_image\" \/>\n<meta name=\"twitter:label1\" content=\"Gesch\u00e4tzte Lesezeit\" \/>\n\t<meta name=\"twitter:data1\" content=\"7\u00a0Minuten\" \/>\n<script type=\"application\/ld+json\" class=\"yoast-schema-graph\">{\"@context\":\"https:\/\/schema.org\",\"@graph\":[{\"@type\":\"WebPage\",\"@id\":\"https:\/\/greystonezvecanje.com\/gallery\/\",\"url\":\"https:\/\/greystonezvecanje.com\/gallery\/\",\"name\":\"Villa Grey Stone Omi\u0161 \u2013 luksuzna kamena vila s bazenom, jacuzzijem i saunom\",\"isPartOf\":{\"@id\":\"https:\/\/greystonezvecanje.com\/#website\"},\"primaryImageOfPage\":{\"@id\":\"https:\/\/greystonezvecanje.com\/gallery\/#primaryimage\"},\"image\":{\"@id\":\"https:\/\/greystonezvecanje.com\/gallery\/#primaryimage\"},\"thumbnailUrl\":\"https:\/\/greystonezvecanje.com\/wp-content\/uploads\/2025\/11\/greystone3.jpeg\",\"datePublished\":\"2024-05-27T11:17:14+00:00\",\"dateModified\":\"2025-11-29T11:16:38+00:00\",\"description\":\"Villa Grey Stone - Omi\u0161a \u2013 luksuzna kamenu vilu s bazenom, jacuzzijem i saunom. U\u017eivajte u potpunoj privatnosti i miru dalmatinskog zale\u0111a, samo nekoliko minuta od mora i rijeke Cetine.\",\"breadcrumb\":{\"@id\":\"https:\/\/greystonezvecanje.com\/gallery\/#breadcrumb\"},\"inLanguage\":\"de\",\"potentialAction\":[{\"@type\":\"ReadAction\",\"target\":[\"https:\/\/greystonezvecanje.com\/gallery\/\"]}]},{\"@type\":\"ImageObject\",\"inLanguage\":\"de\",\"@id\":\"https:\/\/greystonezvecanje.com\/gallery\/#primaryimage\",\"url\":\"https:\/\/greystonezvecanje.com\/wp-content\/uploads\/2025\/11\/greystone3.jpeg\",\"contentUrl\":\"https:\/\/greystonezvecanje.com\/wp-content\/uploads\/2025\/11\/greystone3.jpeg\",\"width\":2000,\"height\":1500},{\"@type\":\"BreadcrumbList\",\"@id\":\"https:\/\/greystonezvecanje.com\/gallery\/#breadcrumb\",\"itemListElement\":[{\"@type\":\"ListItem\",\"position\":1,\"name\":\"Po\u010detna stranica\",\"item\":\"https:\/\/greystonezvecanje.com\/\"},{\"@type\":\"ListItem\",\"position\":2,\"name\":\"Galerija\"}]},{\"@type\":\"WebSite\",\"@id\":\"https:\/\/greystonezvecanje.com\/#website\",\"url\":\"https:\/\/greystonezvecanje.com\/\",\"name\":\"Villa Grey Stone\",\"description\":\"Luksuzna vila s bazenom u blizini Omi\u0161a\",\"publisher\":{\"@id\":\"https:\/\/greystonezvecanje.com\/#organization\"},\"potentialAction\":[{\"@type\":\"SearchAction\",\"target\":{\"@type\":\"EntryPoint\",\"urlTemplate\":\"https:\/\/greystonezvecanje.com\/?s={search_term_string}\"},\"query-input\":{\"@type\":\"PropertyValueSpecification\",\"valueRequired\":true,\"valueName\":\"search_term_string\"}}],\"inLanguage\":\"de\"},{\"@type\":\"Organization\",\"@id\":\"https:\/\/greystonezvecanje.com\/#organization\",\"name\":\"Villa Grey Stone\",\"url\":\"https:\/\/greystonezvecanje.com\/\",\"logo\":{\"@type\":\"ImageObject\",\"inLanguage\":\"de\",\"@id\":\"https:\/\/greystonezvecanje.com\/#\/schema\/logo\/image\/\",\"url\":\"https:\/\/greystonezvecanje.com\/wp-content\/uploads\/2024\/05\/greystone-black.png\",\"contentUrl\":\"https:\/\/greystonezvecanje.com\/wp-content\/uploads\/2024\/05\/greystone-black.png\",\"width\":383,\"height\":177,\"caption\":\"Villa Grey Stone\"},\"image\":{\"@id\":\"https:\/\/greystonezvecanje.com\/#\/schema\/logo\/image\/\"}}]}<\/script>\n<!-- \/ Yoast SEO plugin. -->","yoast_head_json":{"title":"Villa Grey Stone Omi\u0161 \u2013 luksuzna kamena vila s bazenom, jacuzzijem i saunom","description":"Villa Grey Stone - Omi\u0161a \u2013 luksuzna kamenu vilu s bazenom, jacuzzijem i saunom. U\u017eivajte u potpunoj privatnosti i miru dalmatinskog zale\u0111a, samo nekoliko minuta od mora i rijeke Cetine.","robots":{"index":"index","follow":"follow","max-snippet":"max-snippet:-1","max-image-preview":"max-image-preview:large","max-video-preview":"max-video-preview:-1"},"canonical":"https:\/\/greystonezvecanje.com\/de\/gallery\/","og_locale":"de_DE","og_type":"article","og_title":"Villa Grey Stone Omi\u0161 \u2013 luksuzna kamena vila s bazenom, jacuzzijem i saunom","og_description":"Villa Grey Stone - Omi\u0161a \u2013 luksuzna kamenu vilu s bazenom, jacuzzijem i saunom. U\u017eivajte u potpunoj privatnosti i miru dalmatinskog zale\u0111a, samo nekoliko minuta od mora i rijeke Cetine.","og_url":"https:\/\/greystonezvecanje.com\/de\/gallery\/","og_site_name":"Villa Grey Stone","article_modified_time":"2025-11-29T11:16:38+00:00","og_image":[{"width":2000,"height":1500,"url":"https:\/\/greystonezvecanje.com\/wp-content\/uploads\/2025\/11\/greystone3.jpeg","type":"image\/jpeg"}],"twitter_card":"summary_large_image","twitter_misc":{"Gesch\u00e4tzte Lesezeit":"7\u00a0Minuten"},"schema":{"@context":"https:\/\/schema.org","@graph":[{"@type":"WebPage","@id":"https:\/\/greystonezvecanje.com\/gallery\/","url":"https:\/\/greystonezvecanje.com\/gallery\/","name":"Villa Grey Stone Omi\u0161 \u2013 luksuzna kamena vila s bazenom, jacuzzijem i saunom","isPartOf":{"@id":"https:\/\/greystonezvecanje.com\/#website"},"primaryImageOfPage":{"@id":"https:\/\/greystonezvecanje.com\/gallery\/#primaryimage"},"image":{"@id":"https:\/\/greystonezvecanje.com\/gallery\/#primaryimage"},"thumbnailUrl":"https:\/\/greystonezvecanje.com\/wp-content\/uploads\/2025\/11\/greystone3.jpeg","datePublished":"2024-05-27T11:17:14+00:00","dateModified":"2025-11-29T11:16:38+00:00","description":"Villa Grey Stone - Omi\u0161a \u2013 luksuzna kamenu vilu s bazenom, jacuzzijem i saunom. U\u017eivajte u potpunoj privatnosti i miru dalmatinskog zale\u0111a, samo nekoliko minuta od mora i rijeke Cetine.","breadcrumb":{"@id":"https:\/\/greystonezvecanje.com\/gallery\/#breadcrumb"},"inLanguage":"de","potentialAction":[{"@type":"ReadAction","target":["https:\/\/greystonezvecanje.com\/gallery\/"]}]},{"@type":"ImageObject","inLanguage":"de","@id":"https:\/\/greystonezvecanje.com\/gallery\/#primaryimage","url":"https:\/\/greystonezvecanje.com\/wp-content\/uploads\/2025\/11\/greystone3.jpeg","contentUrl":"https:\/\/greystonezvecanje.com\/wp-content\/uploads\/2025\/11\/greystone3.jpeg","width":2000,"height":1500},{"@type":"BreadcrumbList","@id":"https:\/\/greystonezvecanje.com\/gallery\/#breadcrumb","itemListElement":[{"@type":"ListItem","position":1,"name":"Po\u010detna stranica","item":"https:\/\/greystonezvecanje.com\/"},{"@type":"ListItem","position":2,"name":"Galerija"}]},{"@type":"WebSite","@id":"https:\/\/greystonezvecanje.com\/#website","url":"https:\/\/greystonezvecanje.com\/","name":"Villa Grey Stone","description":"Luksuzna vila s bazenom u blizini Omi\u0161a","publisher":{"@id":"https:\/\/greystonezvecanje.com\/#organization"},"potentialAction":[{"@type":"SearchAction","target":{"@type":"EntryPoint","urlTemplate":"https:\/\/greystonezvecanje.com\/?s={search_term_string}"},"query-input":{"@type":"PropertyValueSpecification","valueRequired":true,"valueName":"search_term_string"}}],"inLanguage":"de"},{"@type":"Organization","@id":"https:\/\/greystonezvecanje.com\/#organization","name":"Villa Grey Stone","url":"https:\/\/greystonezvecanje.com\/","logo":{"@type":"ImageObject","inLanguage":"de","@id":"https:\/\/greystonezvecanje.com\/#\/schema\/logo\/image\/","url":"https:\/\/greystonezvecanje.com\/wp-content\/uploads\/2024\/05\/greystone-black.png","contentUrl":"https:\/\/greystonezvecanje.com\/wp-content\/uploads\/2024\/05\/greystone-black.png","width":383,"height":177,"caption":"Villa Grey Stone"},"image":{"@id":"https:\/\/greystonezvecanje.com\/#\/schema\/logo\/image\/"}}]}},"_links":{"self":[{"href":"https:\/\/greystonezvecanje.com\/de\/wp-json\/wp\/v2\/pages\/1470","targetHints":{"allow":["GET"]}}],"collection":[{"href":"https:\/\/greystonezvecanje.com\/de\/wp-json\/wp\/v2\/pages"}],"about":[{"href":"https:\/\/greystonezvecanje.com\/de\/wp-json\/wp\/v2\/types\/page"}],"author":[{"embeddable":true,"href":"https:\/\/greystonezvecanje.com\/de\/wp-json\/wp\/v2\/users\/1"}],"replies":[{"embeddable":true,"href":"https:\/\/greystonezvecanje.com\/de\/wp-json\/wp\/v2\/comments?post=1470"}],"version-history":[{"count":32,"href":"https:\/\/greystonezvecanje.com\/de\/wp-json\/wp\/v2\/pages\/1470\/revisions"}],"predecessor-version":[{"id":6389,"href":"https:\/\/greystonezvecanje.com\/de\/wp-json\/wp\/v2\/pages\/1470\/revisions\/6389"}],"wp:featuredmedia":[{"embeddable":true,"href":"https:\/\/greystonezvecanje.com\/de\/wp-json\/wp\/v2\/media\/6325"}],"wp:attachment":[{"href":"https:\/\/greystonezvecanje.com\/de\/wp-json\/wp\/v2\/media?parent=1470"}],"curies":[{"name":"wp","href":"https:\/\/api.w.org\/{rel}","templated":true}]}}